{"id":42,"date":"2025-10-24T11:02:13","date_gmt":"2025-10-24T09:02:13","guid":{"rendered":"https:\/\/klairarno.com\/?page_id=42"},"modified":"2025-11-08T20:44:09","modified_gmt":"2025-11-08T19:44:09","slug":"legal-information","status":"publish","type":"page","link":"https:\/\/klairarno.com\/en\/legal-information\/","title":{"rendered":"Legal information"},"content":{"rendered":"<div data-elementor-type=\"wp-page\" data-elementor-id=\"42\" class=\"elementor elementor-42\" data-elementor-post-type=\"page\">\n\t\t\t\t<div class=\"elementor-element elementor-element-a6f414f e-flex e-con-boxed e-con e-parent\" data-id=\"a6f414f\" data-element_type=\"container\" data-e-type=\"container\" data-settings=\"{&quot;background_background&quot;:&quot;classic&quot;}\">\n\t\t\t\t\t<div class=\"e-con-inner\">\n\t\t<div class=\"elementor-element elementor-element-80f7f13 e-con-full e-flex e-con e-child\" data-id=\"80f7f13\" data-element_type=\"container\" data-e-type=\"container\">\n\t\t\t\t<div class=\"elementor-element elementor-element-e9d1b59 heaging elementor-widget elementor-widget-heading\" data-id=\"e9d1b59\" data-element_type=\"widget\" data-e-type=\"widget\" data-widget_type=\"heading.default\">\n\t\t\t\t\t<h1 class=\"elementor-heading-title elementor-size-default\">Legal information<\/h1>\t\t\t\t<\/div>\n\t\t\t\t<\/div>\n\t\t\t\t\t<\/div>\n\t\t\t\t<\/div>\n\t\t<div class=\"elementor-element elementor-element-685cd11 e-flex e-con-boxed e-con e-parent\" data-id=\"685cd11\" data-element_type=\"container\" data-e-type=\"container\" data-settings=\"{&quot;background_background&quot;:&quot;classic&quot;}\">\n\t\t\t\t\t<div class=\"e-con-inner\">\n\t\t<div class=\"elementor-element elementor-element-6de6dfc e-con-full e-flex e-con e-child\" data-id=\"6de6dfc\" data-element_type=\"container\" data-e-type=\"container\">\n\t\t\t\t<div class=\"elementor-element elementor-element-77e970b text-blog elementor-widget elementor-widget-text-editor\" data-id=\"77e970b\" data-element_type=\"widget\" data-e-type=\"widget\" data-widget_type=\"text-editor.default\">\n\t\t\t\t\t\t\t\t\t<p class=\"whitespace-normal break-words\">In accordance with the provisions of Moroccan law and articles 6-III and 19 of Law no. 2004-575 of 21 June 2004 on confidence in the digital economy, we hereby inform you of the identity of the various parties involved in the creation and monitoring of this website.<\/p>\t\t\t\t\t\t\t\t<\/div>\n\t\t\t\t<\/div>\n\t\t\t\t<div class=\"elementor-element elementor-element-0d9e530 elementor-widget-divider--view-line elementor-widget elementor-widget-divider\" data-id=\"0d9e530\" data-element_type=\"widget\" data-e-type=\"widget\" data-widget_type=\"divider.default\">\n\t\t\t\t\t\t\t<div class=\"elementor-divider\">\n\t\t\t<span class=\"elementor-divider-separator\">\n\t\t\t\t\t\t<\/span>\n\t\t<\/div>\n\t\t\t\t\t\t<\/div>\n\t\t<div class=\"elementor-element elementor-element-f9bff1a e-con-full e-flex e-con e-child\" data-id=\"f9bff1a\" data-element_type=\"container\" data-e-type=\"container\">\n\t\t\t\t<div class=\"elementor-element elementor-element-26295a0 h2-blog elementor-widget elementor-widget-heading\" data-id=\"26295a0\" data-element_type=\"widget\" data-e-type=\"widget\" data-widget_type=\"heading.default\">\n\t\t\t\t\t<h2 class=\"elementor-heading-title elementor-size-default\">1 - SITE EDITOR<\/h2>\t\t\t\t<\/div>\n\t\t\t\t<div class=\"elementor-element elementor-element-0750d5b text-blog elementor-widget elementor-widget-text-editor\" data-id=\"0750d5b\" data-element_type=\"widget\" data-e-type=\"widget\" data-widget_type=\"text-editor.default\">\n\t\t\t\t\t\t\t\t\t<p class=\"whitespace-normal break-words\">The website <strong>www.klair-arno.com<\/strong> (hereinafter \u00abthe Site\u00bb) is published by :<\/p><p class=\"whitespace-normal break-words\"><strong>Klair &amp; Arno<\/strong><br \/>Company [legal form: SARL \/ SA \/ SAS to be completed].<br \/>Share capital: [amount to be completed] MAD<br \/>Registered office: [full address to be completed], Marrakech, Morocco<br \/>Trade Register: [RC number to be completed].<br \/>Fiscal identifier: [IF to be completed].<br \/>ICE: [ICE number to be completed]<br \/>Patent: [patent number to be completed].<\/p><p class=\"whitespace-normal break-words\"><strong>Co-directors of the publication :<\/strong><br \/>Claire Emeriau &amp; Arnaud Duysens<br \/>Email : <a class=\"underline\" href=\"mailto:contact@klairarno.com\">contact@klairarno.com<\/a><br \/>Telephone: [number to be completed]<\/p><p class=\"whitespace-normal break-words\"><strong>Responsible for editing :<\/strong><br \/>Happy Biz FZE<br \/>Dubai, United Arab Emirates\u00a0<\/p>\t\t\t\t\t\t\t\t<\/div>\n\t\t\t\t<\/div>\n\t\t\t\t<div class=\"elementor-element elementor-element-cd177a4 elementor-widget-divider--view-line elementor-widget elementor-widget-divider\" data-id=\"cd177a4\" data-element_type=\"widget\" data-e-type=\"widget\" data-widget_type=\"divider.default\">\n\t\t\t\t\t\t\t<div class=\"elementor-divider\">\n\t\t\t<span class=\"elementor-divider-separator\">\n\t\t\t\t\t\t<\/span>\n\t\t<\/div>\n\t\t\t\t\t\t<\/div>\n\t\t<div class=\"elementor-element elementor-element-f676f10 e-con-full e-flex e-con e-child\" data-id=\"f676f10\" data-element_type=\"container\" data-e-type=\"container\">\n\t\t\t\t<div class=\"elementor-element elementor-element-d5a64b6 h2-blog elementor-widget elementor-widget-heading\" data-id=\"d5a64b6\" data-element_type=\"widget\" data-e-type=\"widget\" data-widget_type=\"heading.default\">\n\t\t\t\t\t<h2 class=\"elementor-heading-title elementor-size-default\">2 - SITE HOST<\/h2>\t\t\t\t<\/div>\n\t\t\t\t<div class=\"elementor-element elementor-element-345c242 text-blog elementor-widget elementor-widget-text-editor\" data-id=\"345c242\" data-element_type=\"widget\" data-e-type=\"widget\" data-widget_type=\"text-editor.default\">\n\t\t\t\t\t\t\t\t\t<p class=\"whitespace-normal break-words\">The Site is hosted by :<\/p><p class=\"whitespace-normal break-words\"><strong>Infomaniak Network SA<\/strong><br \/>Rue Eug\u00e8ne-Marziano 25<br \/>1227 Geneva, Switzerland<br \/>Telephone: +41 22 820 35 44<br \/>Website : <a class=\"underline\" href=\"http:\/\/www.infomaniak.com\" target=\"_blank\" rel=\"noopener\">www.infomaniak.com<\/a><\/p>\t\t\t\t\t\t\t\t<\/div>\n\t\t\t\t<\/div>\n\t\t\t\t<div class=\"elementor-element elementor-element-ef6fade elementor-widget-divider--view-line elementor-widget elementor-widget-divider\" data-id=\"ef6fade\" data-element_type=\"widget\" data-e-type=\"widget\" data-widget_type=\"divider.default\">\n\t\t\t\t\t\t\t<div class=\"elementor-divider\">\n\t\t\t<span class=\"elementor-divider-separator\">\n\t\t\t\t\t\t<\/span>\n\t\t<\/div>\n\t\t\t\t\t\t<\/div>\n\t\t<div class=\"elementor-element elementor-element-d2cfdfd e-con-full e-flex e-con e-child\" data-id=\"d2cfdfd\" data-element_type=\"container\" data-e-type=\"container\">\n\t\t\t\t<div class=\"elementor-element elementor-element-ad09a74 h2-blog elementor-widget elementor-widget-heading\" data-id=\"ad09a74\" data-element_type=\"widget\" data-e-type=\"widget\" data-widget_type=\"heading.default\">\n\t\t\t\t\t<h2 class=\"elementor-heading-title elementor-size-default\">3 - INTELLECTUAL PROPERTY<\/h2>\t\t\t\t<\/div>\n\t\t\t\t<div class=\"elementor-element elementor-element-83c7aff text-blog elementor-widget elementor-widget-text-editor\" data-id=\"83c7aff\" data-element_type=\"widget\" data-e-type=\"widget\" data-widget_type=\"text-editor.default\">\n\t\t\t\t\t\t\t\t\t<h3 class=\"text-lg font-bold text-text-100 mt-1 -mb-1.5\">3.1 Copyright<\/h3><p class=\"whitespace-normal break-words\">All content on the Site, including but not limited to text, graphics, images, photographs, videos, logos, icons, sounds, software, databases, as well as the overall structure and design of the Site, is the exclusive property of <strong>Klair &amp; Arno<\/strong> or has been authorised for use.<\/p><p class=\"whitespace-normal break-words\">Any reproduction, representation, modification, publication, adaptation of all or part of the elements of the Site, whatever the means or process used, is forbidden without the prior written authorisation of Klair &amp; Arno.<\/p><p class=\"whitespace-normal break-words\">Any unauthorised use of the Site or of any of the elements it contains will be considered to constitute an infringement and will be prosecuted in accordance with the provisions of the Moroccan Criminal Code and international intellectual property law.<\/p><h3 class=\"text-lg font-bold text-text-100 mt-1 -mb-1.5\">3.2 Brands<\/h3><p class=\"whitespace-normal break-words\">Trademarks, logos, signs and any other content on the Site are protected by the French Intellectual Property Code and more specifically by trademark law.<\/p><p class=\"whitespace-normal break-words\">Any reproduction, in whole or in part, of these trademarks or logos from elements of the Site without the express authorisation of Klair &amp; Arno is therefore prohibited.<\/p><h3 class=\"text-lg font-bold text-text-100 mt-1 -mb-1.5\">3.3 Visuals and photographs<\/h3><p class=\"whitespace-normal break-words\">The photographs, images and videos on the Site are the property of Klair &amp; Arno or are used with the permission of their authors. Any unauthorised use, reproduction or distribution is strictly prohibited.<\/p>\t\t\t\t\t\t\t\t<\/div>\n\t\t\t\t<\/div>\n\t\t\t\t<div class=\"elementor-element elementor-element-0be0264 elementor-widget-divider--view-line elementor-widget elementor-widget-divider\" data-id=\"0be0264\" data-element_type=\"widget\" data-e-type=\"widget\" data-widget_type=\"divider.default\">\n\t\t\t\t\t\t\t<div class=\"elementor-divider\">\n\t\t\t<span class=\"elementor-divider-separator\">\n\t\t\t\t\t\t<\/span>\n\t\t<\/div>\n\t\t\t\t\t\t<\/div>\n\t\t<div class=\"elementor-element elementor-element-e6d428f e-con-full e-flex e-con e-child\" data-id=\"e6d428f\" data-element_type=\"container\" data-e-type=\"container\">\n\t\t\t\t<div class=\"elementor-element elementor-element-d377257 h2-blog elementor-widget elementor-widget-heading\" data-id=\"d377257\" data-element_type=\"widget\" data-e-type=\"widget\" data-widget_type=\"heading.default\">\n\t\t\t\t\t<h2 class=\"elementor-heading-title elementor-size-default\">4 - HYPERTEXT LINKS<\/h2>\t\t\t\t<\/div>\n\t\t\t\t<div class=\"elementor-element elementor-element-eda499b text-blog elementor-widget elementor-widget-text-editor\" data-id=\"eda499b\" data-element_type=\"widget\" data-e-type=\"widget\" data-widget_type=\"text-editor.default\">\n\t\t\t\t\t\t\t\t\t<h3 class=\"text-lg font-bold text-text-100 mt-1 -mb-1.5\">4.1 Outgoing links<\/h3><p class=\"whitespace-normal break-words\">The Site may contain hyperlinks to other websites. Klair &amp; Arno has no control over these external sites and accepts no responsibility for their content, availability, privacy policy or practices.<\/p><p class=\"whitespace-normal break-words\">The existence of a hypertext link from the Site to another site does not constitute validation of that site or its content by Klair &amp; Arno.<\/p><h3 class=\"text-lg font-bold text-text-100 mt-1 -mb-1.5\">4.2 Incoming links<\/h3><p class=\"whitespace-normal break-words\">Any website or other medium wishing to establish a hypertext link to the Site must obtain prior authorisation from Klair &amp; Arno.<\/p><p class=\"whitespace-normal break-words\">Klair &amp; Arno reserves the right to refuse this authorisation without having to justify its decision in any way whatsoever. In all cases, any link must be removed at the request of Klair &amp; Arno.<\/p>\t\t\t\t\t\t\t\t<\/div>\n\t\t\t\t<\/div>\n\t\t\t\t<div class=\"elementor-element elementor-element-acf6225 elementor-widget-divider--view-line elementor-widget elementor-widget-divider\" data-id=\"acf6225\" data-element_type=\"widget\" data-e-type=\"widget\" data-widget_type=\"divider.default\">\n\t\t\t\t\t\t\t<div class=\"elementor-divider\">\n\t\t\t<span class=\"elementor-divider-separator\">\n\t\t\t\t\t\t<\/span>\n\t\t<\/div>\n\t\t\t\t\t\t<\/div>\n\t\t<div class=\"elementor-element elementor-element-9bf8617 e-con-full e-flex e-con e-child\" data-id=\"9bf8617\" data-element_type=\"container\" data-e-type=\"container\">\n\t\t\t\t<div class=\"elementor-element elementor-element-fc2ae10 h2-blog elementor-widget elementor-widget-heading\" data-id=\"fc2ae10\" data-element_type=\"widget\" data-e-type=\"widget\" data-widget_type=\"heading.default\">\n\t\t\t\t\t<h2 class=\"elementor-heading-title elementor-size-default\">5 - LIABILITY<\/h2>\t\t\t\t<\/div>\n\t\t\t\t<div class=\"elementor-element elementor-element-da23cd7 text-blog elementor-widget elementor-widget-text-editor\" data-id=\"da23cd7\" data-element_type=\"widget\" data-e-type=\"widget\" data-widget_type=\"text-editor.default\">\n\t\t\t\t\t\t\t\t\t<h3 class=\"text-lg font-bold text-text-100 mt-1 -mb-1.5\">5.1 Accuracy of information<\/h3><p class=\"whitespace-normal break-words\">Klair &amp; Arno makes every effort to ensure that the information published on the Site is accurate and up-to-date, and reserves the right to correct the content at any time without notice.<\/p><p class=\"whitespace-normal break-words\">However, Klair &amp; Arno cannot guarantee the accuracy, precision, completeness or timeliness of the information made available on the Site. Consequently, users acknowledge that they use this information under their sole responsibility.<\/p><h3 class=\"text-lg font-bold text-text-100 mt-1 -mb-1.5\">5.2 Property information<\/h3><p class=\"whitespace-normal break-words\">Information relating to properties (descriptions, prices, surface areas, photographs, characteristics) is provided for information only and may be changed without notice. Under no circumstances does it constitute a contractual commitment on the part of Klair &amp; Arno.<\/p><p class=\"whitespace-normal break-words\">Prices quoted are in Moroccan Dirhams (MAD) and\/or Euros (EUR) and are subject to change. Only the price shown on the bill of sale is binding.<\/p><p class=\"whitespace-normal break-words\">The surface areas indicated are approximate. Only the surface areas shown in official documents (land title, notarial deed) are contractually binding.<\/p><p class=\"whitespace-normal break-words\">The properties shown are subject to availability. Some properties may be sold between the time the ad is placed online and your request to view them.<\/p><h3 class=\"text-lg font-bold text-text-100 mt-1 -mb-1.5\">5.3 Site availability<\/h3><p class=\"whitespace-normal break-words\">Klair &amp; Arno makes every effort to ensure that the Site is available and accessible 24 hours a day, 7 days a week. However, Klair &amp; Arno cannot guarantee that the Site will be available at all times and accepts no liability in the event of inability to access the Site, in particular due to :<\/p><ul class=\"[&amp;:not(:last-child)_ul]:pb-1 [&amp;:not(:last-child)_ol]:pb-1 list-disc space-y-2.5 pl-7\"><li class=\"whitespace-normal break-words\">Technical maintenance operations<\/li><li class=\"whitespace-normal break-words\">Interventions necessary for the proper operation of the Site<\/li><li class=\"whitespace-normal break-words\">External causes (network failures, failure of third-party services)<\/li><li class=\"whitespace-normal break-words\">Force majeure<\/li><\/ul>\t\t\t\t\t\t\t\t<\/div>\n\t\t\t\t<\/div>\n\t\t\t\t<div class=\"elementor-element elementor-element-dec63a6 elementor-widget-divider--view-line elementor-widget elementor-widget-divider\" data-id=\"dec63a6\" data-element_type=\"widget\" data-e-type=\"widget\" data-widget_type=\"divider.default\">\n\t\t\t\t\t\t\t<div class=\"elementor-divider\">\n\t\t\t<span class=\"elementor-divider-separator\">\n\t\t\t\t\t\t<\/span>\n\t\t<\/div>\n\t\t\t\t\t\t<\/div>\n\t\t<div class=\"elementor-element elementor-element-63db69e e-con-full e-flex e-con e-child\" data-id=\"63db69e\" data-element_type=\"container\" data-e-type=\"container\">\n\t\t\t\t<div class=\"elementor-element elementor-element-e4699f6 h2-blog elementor-widget elementor-widget-heading\" data-id=\"e4699f6\" data-element_type=\"widget\" data-e-type=\"widget\" data-widget_type=\"heading.default\">\n\t\t\t\t\t<h2 class=\"elementor-heading-title elementor-size-default\">6. COOKIES AND SIMILAR TECHNOLOGIES\n<\/h2>\t\t\t\t<\/div>\n\t\t\t\t<div class=\"elementor-element elementor-element-befc9c7 text-blog elementor-widget elementor-widget-text-editor\" data-id=\"befc9c7\" data-element_type=\"widget\" data-e-type=\"widget\" data-widget_type=\"text-editor.default\">\n\t\t\t\t\t\t\t\t\t<p class=\"whitespace-normal break-words\">The Site uses cookies and other tracking technologies. For more information on the use of cookies, please consult our Cookies Policy.<\/p><p class=\"whitespace-normal break-words\">Users can set their browser to refuse cookies or to notify them when they are deposited. However, certain functions on the Site may require cookies to be activated in order to function correctly.<\/p>\t\t\t\t\t\t\t\t<\/div>\n\t\t\t\t<\/div>\n\t\t\t\t<div class=\"elementor-element elementor-element-5e41afe elementor-widget-divider--view-line elementor-widget elementor-widget-divider\" data-id=\"5e41afe\" data-element_type=\"widget\" data-e-type=\"widget\" data-widget_type=\"divider.default\">\n\t\t\t\t\t\t\t<div class=\"elementor-divider\">\n\t\t\t<span class=\"elementor-divider-separator\">\n\t\t\t\t\t\t<\/span>\n\t\t<\/div>\n\t\t\t\t\t\t<\/div>\n\t\t<div class=\"elementor-element elementor-element-10dffa7 e-con-full e-flex e-con e-child\" data-id=\"10dffa7\" data-element_type=\"container\" data-e-type=\"container\">\n\t\t\t\t<div class=\"elementor-element elementor-element-3b87f94 h2-blog elementor-widget elementor-widget-heading\" data-id=\"3b87f94\" data-element_type=\"widget\" data-e-type=\"widget\" data-widget_type=\"heading.default\">\n\t\t\t\t\t<h2 class=\"elementor-heading-title elementor-size-default\">7. PERSONAL DATA\n<\/h2>\t\t\t\t<\/div>\n\t\t\t\t<div class=\"elementor-element elementor-element-7e6884a text-blog elementor-widget elementor-widget-text-editor\" data-id=\"7e6884a\" data-element_type=\"widget\" data-e-type=\"widget\" data-widget_type=\"text-editor.default\">\n\t\t\t\t\t\t\t\t\t<h3 class=\"text-lg font-bold text-text-100 mt-1 -mb-1.5\">7.1 Data controller<\/h3><p class=\"whitespace-normal break-words\">The party responsible for processing the personal data collected on the Site is :<\/p><p class=\"whitespace-normal break-words\"><strong>Klair &amp; Arno<\/strong><br \/>[Complete address]<br \/>Marrakech, Morocco<br \/>Email : <a class=\"underline\" href=\"mailto:contact@klairarno.com\">contact@klairarno.com<\/a><br \/>Telephone: [number to be completed]<\/p><h3 class=\"text-lg font-bold text-text-100 mt-1 -mb-1.5\">7.2 Privacy policy<\/h3><p class=\"whitespace-normal break-words\">For all information on the protection of personal data, please consult our <a class=\"underline\" href=\"#\">Privacy Policy<\/a> which details:<\/p><ul class=\"[&amp;:not(:last-child)_ul]:pb-1 [&amp;:not(:last-child)_ol]:pb-1 list-disc space-y-2.5 pl-7\"><li class=\"whitespace-normal break-words\">The data collected<\/li><li class=\"whitespace-normal break-words\">The purposes of processing<\/li><li class=\"whitespace-normal break-words\">Data recipients<\/li><li class=\"whitespace-normal break-words\">Shelf life<\/li><li class=\"whitespace-normal break-words\">Your rights (access, rectification, deletion, objection)<\/li><li class=\"whitespace-normal break-words\">Safety measures implemented<\/li><\/ul>\t\t\t\t\t\t\t\t<\/div>\n\t\t\t\t<\/div>\n\t\t\t\t<div class=\"elementor-element elementor-element-dd55931 elementor-widget-divider--view-line elementor-widget elementor-widget-divider\" data-id=\"dd55931\" data-element_type=\"widget\" data-e-type=\"widget\" data-widget_type=\"divider.default\">\n\t\t\t\t\t\t\t<div class=\"elementor-divider\">\n\t\t\t<span class=\"elementor-divider-separator\">\n\t\t\t\t\t\t<\/span>\n\t\t<\/div>\n\t\t\t\t\t\t<\/div>\n\t\t<div class=\"elementor-element elementor-element-417704c e-con-full e-flex e-con e-child\" data-id=\"417704c\" data-element_type=\"container\" data-e-type=\"container\">\n\t\t\t\t<div class=\"elementor-element elementor-element-9fe2db5 h2-blog elementor-widget elementor-widget-heading\" data-id=\"9fe2db5\" data-element_type=\"widget\" data-e-type=\"widget\" data-widget_type=\"heading.default\">\n\t\t\t\t\t<h2 class=\"elementor-heading-title elementor-size-default\">8. APPLICABLE LAW AND JURISDICTION<\/h2>\t\t\t\t<\/div>\n\t\t\t\t<div class=\"elementor-element elementor-element-850ea8b text-blog elementor-widget elementor-widget-text-editor\" data-id=\"850ea8b\" data-element_type=\"widget\" data-e-type=\"widget\" data-widget_type=\"text-editor.default\">\n\t\t\t\t\t\t\t\t\t<h3 class=\"text-lg font-bold text-text-100 mt-1 -mb-1.5\">8.1 Applicable law<\/h3><p class=\"whitespace-normal break-words\">This legal notice is governed by Moroccan law.<\/p><p class=\"whitespace-normal break-words\">The Site complies with the provisions of :<\/p><ul class=\"[&amp;:not(:last-child)_ul]:pb-1 [&amp;:not(:last-child)_ol]:pb-1 list-disc space-y-2.5 pl-7\"><li class=\"whitespace-normal break-words\">Law 09-08 on the protection of individuals with regard to the processing of personal data<\/li><li class=\"whitespace-normal break-words\">Law no. 31-08 enacting consumer protection measures<\/li><li class=\"whitespace-normal break-words\">The Constitution of the Kingdom of Morocco<\/li><\/ul><h3 class=\"text-lg font-bold text-text-100 mt-1 -mb-1.5\">8.2 Jurisdiction<\/h3><p class=\"whitespace-normal break-words\">In the event of any dispute relating to the interpretation or performance of this legal notice, and failing amicable resolution, the courts of Marrakech shall have sole jurisdiction, notwithstanding plurality of defendants or the introduction of third parties.<\/p>\t\t\t\t\t\t\t\t<\/div>\n\t\t\t\t<\/div>\n\t\t\t\t<div class=\"elementor-element elementor-element-af2a613 elementor-widget-divider--view-line elementor-widget elementor-widget-divider\" data-id=\"af2a613\" data-element_type=\"widget\" data-e-type=\"widget\" data-widget_type=\"divider.default\">\n\t\t\t\t\t\t\t<div class=\"elementor-divider\">\n\t\t\t<span class=\"elementor-divider-separator\">\n\t\t\t\t\t\t<\/span>\n\t\t<\/div>\n\t\t\t\t\t\t<\/div>\n\t\t<div class=\"elementor-element elementor-element-ecc93f9 e-con-full e-flex e-con e-child\" data-id=\"ecc93f9\" data-element_type=\"container\" data-e-type=\"container\">\n\t\t\t\t<div class=\"elementor-element elementor-element-cc7a36d h2-blog elementor-widget elementor-widget-heading\" data-id=\"cc7a36d\" data-element_type=\"widget\" data-e-type=\"widget\" data-widget_type=\"heading.default\">\n\t\t\t\t\t<h2 class=\"elementor-heading-title elementor-size-default\">9. MEDIATION\n<\/h2>\t\t\t\t<\/div>\n\t\t\t\t<div class=\"elementor-element elementor-element-e8c9af9 text-blog elementor-widget elementor-widget-text-editor\" data-id=\"e8c9af9\" data-element_type=\"widget\" data-e-type=\"widget\" data-widget_type=\"text-editor.default\">\n\t\t\t\t\t\t\t\t\t<p class=\"whitespace-normal break-words\">In accordance with the provisions of the French Consumer Code concerning the amicable settlement of disputes, in the event of a dispute, and after a prior written request has been unsuccessful or in the absence of a response within a reasonable period, you may refer the matter to the competent mediator.<\/p>\t\t\t\t\t\t\t\t<\/div>\n\t\t\t\t<\/div>\n\t\t\t\t<div class=\"elementor-element elementor-element-73fe20f elementor-widget-divider--view-line elementor-widget elementor-widget-divider\" data-id=\"73fe20f\" data-element_type=\"widget\" data-e-type=\"widget\" data-widget_type=\"divider.default\">\n\t\t\t\t\t\t\t<div class=\"elementor-divider\">\n\t\t\t<span class=\"elementor-divider-separator\">\n\t\t\t\t\t\t<\/span>\n\t\t<\/div>\n\t\t\t\t\t\t<\/div>\n\t\t<div class=\"elementor-element elementor-element-2d7181f e-con-full e-flex e-con e-child\" data-id=\"2d7181f\" data-element_type=\"container\" data-e-type=\"container\">\n\t\t\t\t<div class=\"elementor-element elementor-element-5282e50 h2-blog elementor-widget elementor-widget-heading\" data-id=\"5282e50\" data-element_type=\"widget\" data-e-type=\"widget\" data-widget_type=\"heading.default\">\n\t\t\t\t\t<h2 class=\"elementor-heading-title elementor-size-default\">10. CONTACT<\/h2>\t\t\t\t<\/div>\n\t\t\t\t<div class=\"elementor-element elementor-element-fe44b10 text-blog elementor-widget elementor-widget-text-editor\" data-id=\"fe44b10\" data-element_type=\"widget\" data-e-type=\"widget\" data-widget_type=\"text-editor.default\">\n\t\t\t\t\t\t\t\t\t<p class=\"whitespace-normal break-words\">If you have any questions about this legal notice or the Site in general, please contact us:<\/p><p class=\"whitespace-normal break-words\"><strong>By email :<\/strong> <a class=\"underline\" href=\"mailto:contact@klairarno.com\">contact@klairarno.com<\/a><br \/><strong>By telephone:<\/strong> [number to be completed]<br \/><strong>By post:<\/strong> Klair &amp; Arno, [full address to be completed], Marrakech, Morocco<br \/><strong>Via the contact form:<\/strong> [Form URL]<\/p>\t\t\t\t\t\t\t\t<\/div>\n\t\t\t\t<\/div>\n\t\t\t\t\t<\/div>\n\t\t\t\t<\/div>\n\t\t\t\t<\/div>","protected":false},"excerpt":{"rendered":"<p>Mentions l\u00e9gales Conform\u00e9ment aux dispositions de la loi marocaine et des articles 6-III et 19 de la Loi n\u00b0 2004-575 du 21 juin 2004 pour la Confiance dans l&rsquo;\u00e9conomie num\u00e9rique, nous vous informons de l&rsquo;identit\u00e9 des diff\u00e9rents intervenants dans le cadre de la r\u00e9alisation et du suivi du pr\u00e9sent site internet. 1 &#8211; \u00c9DITEUR DU [&hellip;]<\/p>","protected":false},"author":1,"featured_media":0,"parent":0,"menu_order":0,"comment_status":"closed","ping_status":"closed","template":"","meta":{"footnotes":""},"class_list":["post-42","page","type-page","status-publish","hentry"],"_links":{"self":[{"href":"https:\/\/klairarno.com\/en\/wp-json\/wp\/v2\/pages\/42","targetHints":{"allow":["GET"]}}],"collection":[{"href":"https:\/\/klairarno.com\/en\/wp-json\/wp\/v2\/pages"}],"about":[{"href":"https:\/\/klairarno.com\/en\/wp-json\/wp\/v2\/types\/page"}],"author":[{"embeddable":true,"href":"https:\/\/klairarno.com\/en\/wp-json\/wp\/v2\/users\/1"}],"replies":[{"embeddable":true,"href":"https:\/\/klairarno.com\/en\/wp-json\/wp\/v2\/comments?post=42"}],"version-history":[{"count":5,"href":"https:\/\/klairarno.com\/en\/wp-json\/wp\/v2\/pages\/42\/revisions"}],"predecessor-version":[{"id":2075,"href":"https:\/\/klairarno.com\/en\/wp-json\/wp\/v2\/pages\/42\/revisions\/2075"}],"wp:attachment":[{"href":"https:\/\/klairarno.com\/en\/wp-json\/wp\/v2\/media?parent=42"}],"curies":[{"name":"wp","href":"https:\/\/api.w.org\/{rel}","templated":true}]}}